{"id":11,"date":"2022-11-13T19:02:05","date_gmt":"2022-11-13T19:02:05","guid":{"rendered":"http:\/\/atletismoplayamelilla.com\/?page_id=11"},"modified":"2023-08-25T16:39:32","modified_gmt":"2023-08-25T16:39:32","slug":"saludo","status":"publish","type":"page","link":"https:\/\/atletismoplayamelilla.com\/?page_id=11","title":{"rendered":"Saludo"},"content":{"rendered":"\n<p>El Club de Atletismo Playa de Melilla fue fundado en el a\u00f1o 2009 con sede en la Ciudad Aut\u00f3noma de Melilla.<\/p>\n\n\n\n<p>Su raz\u00f3n de ser es la formaci\u00f3n de las categor\u00edas menores y la ense\u00f1anza del atletismo para lo cual cuenta con una escuela de iniciaci\u00f3n que acoge las categor\u00edas Sub 8, sub 10 y sub 12  y una escuela de perfeccionamiento para las categor\u00edas sub 14 y sub 16.<\/p>\n\n\n\n<p>El club cubre todas las modalidades del atletismo: carreras de velocidad, medio fondo, fondo y campo a trav\u00e9s, carreras con vallas, saltos, lanzamientos y marcha atl\u00e9tica.<\/p>\n\n\n\n<p>\u00bfPorque practicar el atletismo? <\/p>\n\n\n\n<p>El atletismo para menores puede practicarlo cualquier ni\u00f1o o ni\u00f1a, ya que no es necesario tener unas cualidad f\u00edsicas especiales para empezar.<\/p>\n\n\n\n<p>El ni\u00f1o gana resistencia f\u00edsica, velocidad, agilidad, mejor capacidad pulmonar y adem\u00e1s estimula las hormonas de crecimiento, el desarrollo de la m\u00fasculatura y otros sistemas del cuerpo. Al tener, adem\u00e1s,\u00a0multitud de modalidades, seguro que es f\u00e1cil que los ni\u00f1os\u00a0encuentren la que m\u00e1s le guste y la m\u00e1s adecuada a sus caracter\u00edsticas personales.<\/p>\n\n\n\n<p>Aunque el atletismo es considerado un deporte individual, lo cierto es que se practica con otros ni\u00f1os. Esto ayuda a la socializaci\u00f3n del ni\u00f1o en un ambiente diferente al familiar o el escolar enriqueciendo su personalidad y desarrollando el sentido de la pertenencia a un grupo. El atletismo para ni\u00f1os ayuda a resolver problemas de timidez y se vuelve un gran aliado para ni\u00f1os introvertidos fomentando la igualdad entre g\u00e9neros.<\/p>\n\n\n\n<p><\/p>\n\n\n\n<p><\/p>\n\n\n\n<p><\/p>\n\n\n\n<p><\/p>\n","protected":false},"excerpt":{"rendered":"<p>El Club de Atletismo Playa de Melilla fue fundado en<\/p>\n","protected":false},"author":1,"featured_media":0,"parent":0,"menu_order":0,"comment_status":"closed","ping_status":"closed","template":"","meta":{"footnotes":""},"class_list":["post-11","page","type-page","status-publish","hentry"],"_links":{"self":[{"href":"https:\/\/atletismoplayamelilla.com\/index.php?rest_route=\/wp\/v2\/pages\/11","targetHints":{"allow":["GET"]}}],"collection":[{"href":"https:\/\/atletismoplayamelilla.com\/index.php?rest_route=\/wp\/v2\/pages"}],"about":[{"href":"https:\/\/atletismoplayamelilla.com\/index.php?rest_route=\/wp\/v2\/types\/page"}],"author":[{"embeddable":true,"href":"https:\/\/atletismoplayamelilla.com\/index.php?rest_route=\/wp\/v2\/users\/1"}],"replies":[{"embeddable":true,"href":"https:\/\/atletismoplayamelilla.com\/index.php?rest_route=%2Fwp%2Fv2%2Fcomments&post=11"}],"version-history":[{"count":3,"href":"https:\/\/atletismoplayamelilla.com\/index.php?rest_route=\/wp\/v2\/pages\/11\/revisions"}],"predecessor-version":[{"id":101,"href":"https:\/\/atletismoplayamelilla.com\/index.php?rest_route=\/wp\/v2\/pages\/11\/revisions\/101"}],"wp:attachment":[{"href":"https:\/\/atletismoplayamelilla.com\/index.php?rest_route=%2Fwp%2Fv2%2Fmedia&parent=11"}],"curies":[{"name":"wp","href":"https:\/\/api.w.org\/{rel}","templated":true}]}}