{"id":128,"date":"2023-08-28T17:07:56","date_gmt":"2023-08-28T17:07:56","guid":{"rendered":"https:\/\/atletismoplayamelilla.com\/?page_id=128"},"modified":"2025-09-07T18:52:06","modified_gmt":"2025-09-07T18:52:06","slug":"apuntate-al-club","status":"publish","type":"page","link":"https:\/\/atletismoplayamelilla.com\/?page_id=128","title":{"rendered":"Ap\u00fantate al club"},"content":{"rendered":"\n<p>Imprime y entrega tu hoja de inscripci\u00f3n en las instalaciones del club en el Estadio \u00c1lvarez Claro junto con el resguardo del ingreso en el que deber\u00e1 figurar en el concepto el nombre del atleta<\/p>\n\n\n\n<p><a href=\"https:\/\/atletismoplayamelilla.com\/wp-content\/uploads\/2025\/09\/inscripcion-escuela-ATLETISMO.pdf\">HOJA DE INSCRIPCI\u00d3N<\/a><\/p>\n\n\n\n<div data-wp-interactive=\"core\/file\" class=\"wp-block-file\"><object data-wp-bind--hidden=\"!state.hasPdfPreview\" hidden class=\"wp-block-file__embed\" data=\"https:\/\/atletismoplayamelilla.com\/wp-content\/uploads\/2024\/09\/inscripcion-escuela-ATLETISMO.pdf\" type=\"application\/pdf\" style=\"width:100%;height:600px\" aria-label=\"Incrustado de inscripcion escuela ATLETISMO.\"><\/object><a id=\"wp-block-file--media-da7e2628-56bc-4da5-9944-fe57f4b292fa\" href=\"https:\/\/atletismoplayamelilla.com\/wp-content\/uploads\/2024\/09\/inscripcion-escuela-ATLETISMO.pdf\">inscripcion escuela ATLETISMO<\/a><a href=\"https:\/\/atletismoplayamelilla.com\/wp-content\/uploads\/2024\/09\/inscripcion-escuela-ATLETISMO.pdf\" class=\"wp-block-file__button wp-element-button\" download aria-describedby=\"wp-block-file--media-da7e2628-56bc-4da5-9944-fe57f4b292fa\">Descarga<\/a><\/div>\n","protected":false},"excerpt":{"rendered":"<p>Imprime y entrega tu hoja de inscripci\u00f3n en las instalaciones<\/p>\n","protected":false},"author":1,"featured_media":0,"parent":0,"menu_order":0,"comment_status":"closed","ping_status":"closed","template":"","meta":{"footnotes":""},"class_list":["post-128","page","type-page","status-publish","hentry"],"_links":{"self":[{"href":"https:\/\/atletismoplayamelilla.com\/index.php?rest_route=\/wp\/v2\/pages\/128","targetHints":{"allow":["GET"]}}],"collection":[{"href":"https:\/\/atletismoplayamelilla.com\/index.php?rest_route=\/wp\/v2\/pages"}],"about":[{"href":"https:\/\/atletismoplayamelilla.com\/index.php?rest_route=\/wp\/v2\/types\/page"}],"author":[{"embeddable":true,"href":"https:\/\/atletismoplayamelilla.com\/index.php?rest_route=\/wp\/v2\/users\/1"}],"replies":[{"embeddable":true,"href":"https:\/\/atletismoplayamelilla.com\/index.php?rest_route=%2Fwp%2Fv2%2Fcomments&post=128"}],"version-history":[{"count":8,"href":"https:\/\/atletismoplayamelilla.com\/index.php?rest_route=\/wp\/v2\/pages\/128\/revisions"}],"predecessor-version":[{"id":469,"href":"https:\/\/atletismoplayamelilla.com\/index.php?rest_route=\/wp\/v2\/pages\/128\/revisions\/469"}],"wp:attachment":[{"href":"https:\/\/atletismoplayamelilla.com\/index.php?rest_route=%2Fwp%2Fv2%2Fmedia&parent=128"}],"curies":[{"name":"wp","href":"https:\/\/api.w.org\/{rel}","templated":true}]}}