{"id":217,"date":"2023-09-08T15:01:15","date_gmt":"2023-09-08T15:01:15","guid":{"rendered":"https:\/\/atletismoplayamelilla.com\/?page_id=217"},"modified":"2023-09-08T15:01:16","modified_gmt":"2023-09-08T15:01:16","slug":"nacimiento-del-atletismo","status":"publish","type":"page","link":"https:\/\/atletismoplayamelilla.com\/?page_id=217","title":{"rendered":"Nacimiento del Atletismo"},"content":{"rendered":"\n<p><strong>La palabra Atletismo proviene de Athlos<\/strong> que en griego significa lucha, combate, competici\u00f3n. Es este un deporte en el que &nbsp;el objetivo es&nbsp; ser mejor que el contrincante &nbsp;en fuerza, resistencia, velocidad o en combinaci\u00f3n de alguna de ellas. Es en definitiva una competici\u00f3n de cualidades y habilidades entrenadas para mejorar.<\/p>\n\n\n\n<p>El llamado deporte Rey es conocido por todos pero el hecho de que incluya tantas pruebas y tan diferentes hace que no sea tan f\u00e1cil conocerlo a fondo.<\/p>\n\n\n\n<p><strong>Hagamos un poco de historia del Atletismo<\/strong><\/p>\n\n\n\n<p>Correr, caminar, saltar y lanzar cosas, son gestos naturales desde que el hombre existe y el reto hizo nacer la competici\u00f3n haciendo del Atletismo el deporte m\u00e1s antiguo.<\/p>\n\n\n\n<p>Ya en el antiguo Egipto se encuentran evidencias escritas referidas a carreras y en la isla de Creta se organizaban competiciones de lanzamiento de disco y jabalina. Pero las primeras competiciones reguladas fueron la de los Agones griegos que se disputaron a partir del s. VIII a.C. y que terminar\u00edan convirti\u00e9ndose en Los Juegos Ol\u00edmpicos Antiguos de Grecia.<\/p>\n\n\n<div class=\"wp-block-image\">\n<figure class=\"aligncenter size-large\"><img decoding=\"async\" src=\"http:\/\/federacionatletismomelilla.com\/wp-content\/uploads\/2022\/11\/HISTORIA-1-1024x576.jpg\" alt=\"\" class=\"wp-image-138\"\/><\/figure>\n<\/div>\n\n\n<p>Habr\u00edan de pasar m\u00e1s de 2000 a\u00f1os para que el atletismo volviera a ser considerado un deporte y es en Irlanda donde aparecen entre los siglos X y XII las pruebas de campo a trav\u00e9s y el salto con p\u00e9rtiga\u00a0 aunque no como lo conocemos hoy en d\u00eda. Es entonces cuando se construyen las primeras pistas si es que podemos llamarlas as\u00ed.<\/p>\n\n\n\n<p>Los Juegos de Costswold, &nbsp;una especie de festival deportivo inspirado en los antiguos Juegos Ol\u00edmpicos Griegos son los primeros que conocemos y datan del siglo XVI. las competiciones deportivas de carreras, saltos y lanzamientos se hacen m\u00e1s populares y se van extendiendo por Europa. En Espa\u00f1a la carrera m\u00e1s antigua de la que se tiene noticia se celebr\u00f3 en 1585 en la localidad oscense de Monz\u00f3n<\/p>\n\n\n<div class=\"wp-block-image\">\n<figure class=\"aligncenter size-full\"><img decoding=\"async\" src=\"http:\/\/federacionatletismomelilla.com\/wp-content\/uploads\/2022\/11\/HISTORIA-2-1.jpg\" alt=\"\" class=\"wp-image-141\"\/><\/figure>\n<\/div>\n\n\n<p>En 1864 tambi\u00e9n empezaron a celebrarse las primeras reuniones atl\u00e9ticas de la mano de las universidades de Oxford y Cambridge y en 1866 se celebr\u00f3 el primer meeting nacional en Londres y dos a\u00f1os m\u00e1s tarde&nbsp; el primero en pista cubierta, que se disput\u00f3 en Estados Unidos donde se fund\u00f3 el primer club de Atletismo.<\/p>\n\n\n\n<p>Finales del siglo XIX el olimpismo ya era un furor y&nbsp; en 1896 &nbsp;se celebraron los primeros Juegos Ol\u00edmpicos Modernos y en los que el atletismo seria el protagonista indiscutible.<\/p>\n\n\n\n<p>Ya en el siglo XX en 1912 el atletismo se ver\u00eda transformado por el hecho de que en los juegos de Estocolmo se empezaron a cronometrar las carreras y adem\u00e1s &nbsp;se fund\u00f3 &nbsp;la Federaci\u00f3n Internacional de Atletismo Amateur IAAF y as\u00ed lo fue hasta que en 1982 la IAAF cambi\u00f3 su reglamento para permitir la competici\u00f3n profesional.<\/p>\n\n\n\n<figure class=\"wp-block-image alignwide size-full\"><img decoding=\"async\" src=\"http:\/\/federacionatletismomelilla.com\/wp-content\/uploads\/2022\/11\/HISTORIA-3.jpg\" alt=\"\" class=\"wp-image-140\"\/><\/figure>\n\n\n\n<p><\/p>\n","protected":false},"excerpt":{"rendered":"<p>La palabra Atletismo proviene de Athlos que en griego significa<\/p>\n","protected":false},"author":1,"featured_media":0,"parent":0,"menu_order":0,"comment_status":"closed","ping_status":"closed","template":"","meta":{"footnotes":""},"class_list":["post-217","page","type-page","status-publish","hentry"],"_links":{"self":[{"href":"https:\/\/atletismoplayamelilla.com\/index.php?rest_route=\/wp\/v2\/pages\/217","targetHints":{"allow":["GET"]}}],"collection":[{"href":"https:\/\/atletismoplayamelilla.com\/index.php?rest_route=\/wp\/v2\/pages"}],"about":[{"href":"https:\/\/atletismoplayamelilla.com\/index.php?rest_route=\/wp\/v2\/types\/page"}],"author":[{"embeddable":true,"href":"https:\/\/atletismoplayamelilla.com\/index.php?rest_route=\/wp\/v2\/users\/1"}],"replies":[{"embeddable":true,"href":"https:\/\/atletismoplayamelilla.com\/index.php?rest_route=%2Fwp%2Fv2%2Fcomments&post=217"}],"version-history":[{"count":1,"href":"https:\/\/atletismoplayamelilla.com\/index.php?rest_route=\/wp\/v2\/pages\/217\/revisions"}],"predecessor-version":[{"id":218,"href":"https:\/\/atletismoplayamelilla.com\/index.php?rest_route=\/wp\/v2\/pages\/217\/revisions\/218"}],"wp:attachment":[{"href":"https:\/\/atletismoplayamelilla.com\/index.php?rest_route=%2Fwp%2Fv2%2Fmedia&parent=217"}],"curies":[{"name":"wp","href":"https:\/\/api.w.org\/{rel}","templated":true}]}}